{"id":14083,"date":"2024-12-13T13:04:47","date_gmt":"2024-12-13T12:04:47","guid":{"rendered":"https:\/\/lucibelleparis.com\/?post_type=product&#038;p=14083"},"modified":"2025-03-31T10:49:32","modified_gmt":"2025-03-31T09:49:32","slug":"kit-cosmetiques-visage","status":"publish","type":"product","link":"https:\/\/lucibelleparis.com\/en\/produit\/kit-cosmetiques-visage\/","title":{"rendered":"Kit cosm\u00e9tiques visage"},"content":{"rendered":"","protected":false},"excerpt":{"rendered":"<ul>\n<li>Gel exfoliant Booster d\u2019\u00e9clat<\/li>\n<li>S\u00e9rum Anti-rides<\/li>\n<li>Cr\u00e8me de jour Hydra-Vitalit\u00e9<\/li>\n<li>Cr\u00e8me de nuit restructurante<\/li>\n<\/ul>\n","protected":false},"featured_media":14084,"template":"","meta":{"_acf_changed":false},"product_brand":[],"product_cat":[38],"product_tag":[],"class_list":{"0":"post-14083","1":"product","2":"type-product","3":"status-publish","4":"has-post-thumbnail","6":"product_cat-cosmetique","8":"first","9":"instock","10":"sale","11":"taxable","12":"shipping-taxable","13":"purchasable","14":"product-type-simple"},"bundled_by":[],"bundle_stock_status":"instock","bundle_stock_quantity":null,"bundle_virtual":false,"bundle_layout":"","bundle_add_to_cart_form_location":"","bundle_editable_in_cart":false,"bundle_sold_individually_context":"","bundle_item_grouping":"","bundle_min_size":"","bundle_max_size":"","bundle_price":[],"bundled_items":[],"bundle_sell_ids":[],"acf":{"titre_produit_desc":"","product-rating":"","product-rating_number":"","product-videos":null,"product-features":"","product-advices":"Voir\r\n<ul>\r\n \t<li><a href=\"https:\/\/lucibelleparis.com\/produit\/gel-exfoliant-booster-eclat-100-ml\/\">Gel exfoliant Booster d\u2019\u00e9clat<\/a><\/li>\r\n \t<li><a href=\"https:\/\/lucibelleparis.com\/produit\/serum-anti-rides-15-ml\/\">S\u00e9rum Anti-rides<\/a><\/li>\r\n \t<li><a href=\"http:\/\/Hydra-Vitalit\u00e9\">Cr\u00e8me de jour Hydra-Vitalit\u00e9<\/a><\/li>\r\n \t<li><a href=\"https:\/\/lucibelleparis.com\/produit\/creme-de-nuit-restructurante-30-ml\/\">Cr\u00e8me de nuit restructurante<\/a><\/li>\r\n<\/ul>","product-benefits":"Voir\r\n<ul>\r\n \t<li><a href=\"https:\/\/lucibelleparis.com\/produit\/gel-exfoliant-booster-eclat-100-ml\/\">Gel exfoliant Booster d\u2019\u00e9clat<\/a><\/li>\r\n \t<li><a href=\"https:\/\/lucibelleparis.com\/produit\/serum-anti-rides-15-ml\/\">S\u00e9rum Anti-rides<\/a><\/li>\r\n \t<li><a href=\"http:\/\/Hydra-Vitalit\u00e9\">Cr\u00e8me de jour Hydra-Vitalit\u00e9<\/a><\/li>\r\n \t<li><a href=\"https:\/\/lucibelleparis.com\/produit\/creme-de-nuit-restructurante-30-ml\/\">Cr\u00e8me de nuit restructurante<\/a><\/li>\r\n<\/ul>","testimonials":null,"faq":null,"faq-image":"","testimonials-slider":"","resultats-avant":"","resultats-apres":"","resultats-avant-txt":"","resultats-apres-txt":"","clinical_results":null,"clinical_results_visage":null,"clinical_results_corps":null,"clinical_results_cheveux":null,"gredeco_label":"","titre_technologie":"","texte_technologie":"","image_technologie":"","affichage_mapping":false,"produit-map-surtitre":"","produit-map-titre":"","produit-map-descriptif":"","produit-map-backg-on":"","produit-map-backg-off":"","cure_type":"","description_supplementaire":"Votre kit contient :\r\n<ul>\r\n \t<li>Gel exfoliant Booster d\u2019\u00e9clat<\/li>\r\n<\/ul>\r\n<a href=\"https:\/\/lucibelleparis.com\/produit\/gel-exfoliant-booster-eclat-100-ml\/\"><img class=\"attachment-medium_large alignnone wp-image-6691 size-medium\" src=\"https:\/\/lucibelleparis.com\/wp-content\/uploads\/2023\/01\/CORPS-304-2000-pix-300x225.jpg\" alt=\"\" width=\"300\" height=\"225\" \/><\/a>\r\n\r\nLe Gel booster d\u2019\u00e9clat associe des facteurs hydratants \u00e0 l\u2019action exfoliante et douce d\u2019un acide de fruit. Liss\u00e9e et hydrat\u00e9e, la peau se renouvelle et retrouve son \u00e9clat.\r\n\r\nCe soin active le renouvellement cellulaire et ses r\u00e9sultats sont optimis\u00e9s s\u2019il est utilis\u00e9 en synergie avec la lumi\u00e8re.\r\n\r\n&nbsp;\r\n\r\nLien vers la page produit:\r\n<blockquote class=\"wp-embedded-content\" data-secret=\"um0woZE26v\"><a href=\"https:\/\/lucibelleparis.com\/produit\/gel-exfoliant-booster-eclat-100-ml\/\">Gel exfoliant Booster d\u2019\u00e9clat<\/a><\/blockquote>\r\n&nbsp;\r\n\r\n&nbsp;\r\n<ul>\r\n \t<li>S\u00e9rum Anti-rides<\/li>\r\n<\/ul>\r\n<a href=\"https:\/\/lucibelleparis.com\/produit\/serum-anti-rides-15-ml\/\"><img class=\"attachment-medium_large alignnone wp-image-6694 size-medium\" src=\"https:\/\/lucibelleparis.com\/wp-content\/uploads\/2023\/01\/SERUM-295-2000-pix-300x225.jpg\" alt=\"\" width=\"300\" height=\"225\" \/><\/a>\r\n\r\nLe s\u00e9rum anti-rides est compos\u00e9 de pr\u00e9curseurs<b>\u00a0<\/b>d\u2019acide hyaluronique favorisant une diffusion rapide \u00e0 l\u2019int\u00e9rieur de la peau. La production d\u2019acide hyaluronique par les cellules est stimul\u00e9e et la peau redensifi\u00e9e.\r\n\r\nL\u2019hydratation cutan\u00e9e permettra aux photons rouges de la lumi\u00e8re de mieux p\u00e9n\u00e9trer \u00e0 l\u2019int\u00e9rieur de la peau.\r\n\r\nLien vers la page produit:\r\n<blockquote class=\"wp-embedded-content\" data-secret=\"X2iNW3Bzdw\"><a href=\"https:\/\/lucibelleparis.com\/produit\/serum-anti-rides-15-ml\/\">S\u00e9rum Anti-rides<\/a><\/blockquote>\r\n&nbsp;\r\n\r\n&nbsp;\r\n<ul>\r\n \t<li>Cr\u00e8me de jour Hydra-Vitalit\u00e9<\/li>\r\n<\/ul>\r\n<a href=\"https:\/\/lucibelleparis.com\/produit\/creme-de-jour-hydra-vitalite-30ml\/\"><img class=\"attachment-medium_large alignnone wp-image-6697 size-medium\" src=\"https:\/\/lucibelleparis.com\/wp-content\/uploads\/2023\/01\/CREME-DE-JOUR-299-2000-pix-300x225.jpg\" alt=\"\" width=\"300\" height=\"225\" \/><\/a>\r\n\r\nLa cr\u00e8me Hydra Vitalit\u00e9 renforce la protection naturelle de l\u2019\u00e9piderme face \u00e0 l\u2019environnement et maintien un taux d\u2019hydratation id\u00e9al pour une action optimale de la lumi\u00e8re sur la peau.\r\n\r\nLien vers la page produit:\r\n<blockquote class=\"wp-embedded-content\" data-secret=\"YuYX70hGH1\"><a href=\"https:\/\/lucibelleparis.com\/produit\/creme-de-jour-hydra-vitalite-30ml\/\">Cr\u00e8me de jour Hydra-Vitalit\u00e9<\/a><\/blockquote>\r\n&nbsp;\r\n\r\n&nbsp;\r\n<ul>\r\n \t<li>Cr\u00e8me de nuit restructurante<\/li>\r\n<\/ul>\r\n<a href=\"https:\/\/lucibelleparis.com\/produit\/creme-de-nuit-restructurante-30-ml\/\"><img class=\"attachment-medium_large alignnone wp-image-6700 size-medium\" src=\"https:\/\/lucibelleparis.com\/wp-content\/uploads\/2023\/01\/CREME-DE-NUIT-297-2000-pix-300x225.jpg\" alt=\"\" width=\"300\" height=\"225\" \/><\/a>\r\n\r\nLa cr\u00e8me de nuit restructurante est con\u00e7ue pour accompagner les effets de la stimulation cellulaire apport\u00e9e par la lumi\u00e8re. Elle permet de r\u00e9v\u00e9ler une peau plus jeune et repulp\u00e9e d\u00e8s les premi\u00e8res s\u00e9ances.\r\n\r\nLa cr\u00e8me de nuit hydrate la peau et favorise la production de collag\u00e8ne et d\u2019\u00e9lastine. La peau gagne en volume et se \u00ab d\u00e9froisse \u00bb pour de meilleurs r\u00e9sultats !\r\n\r\nLien vers la page produit:\r\n<blockquote class=\"wp-embedded-content\" data-secret=\"XJPKONb8zw\"><a href=\"https:\/\/lucibelleparis.com\/produit\/creme-de-nuit-restructurante-30-ml\/\">Cr\u00e8me de nuit restructurante<\/a><\/blockquote>","produits_lies":[3656,3657,3658,3659],"activer_produits_lies":true,"product-discount":"","product-discount-stroke":"","prix_mis_en_avant":""},"aioseo_notices":[],"_links":{"self":[{"href":"https:\/\/lucibelleparis.com\/en\/wp-json\/wp\/v2\/product\/14083","targetHints":{"allow":["GET"]}}],"collection":[{"href":"https:\/\/lucibelleparis.com\/en\/wp-json\/wp\/v2\/product"}],"about":[{"href":"https:\/\/lucibelleparis.com\/en\/wp-json\/wp\/v2\/types\/product"}],"acf:post":[{"embeddable":true,"href":"https:\/\/lucibelleparis.com\/en\/wp-json\/wp\/v2\/product\/3659"},{"embeddable":true,"href":"https:\/\/lucibelleparis.com\/en\/wp-json\/wp\/v2\/product\/3658"},{"embeddable":true,"href":"https:\/\/lucibelleparis.com\/en\/wp-json\/wp\/v2\/product\/3657"},{"embeddable":true,"href":"https:\/\/lucibelleparis.com\/en\/wp-json\/wp\/v2\/product\/3656"}],"wp:featuredmedia":[{"embeddable":true,"href":"https:\/\/lucibelleparis.com\/en\/wp-json\/wp\/v2\/media\/14084"}],"wp:attachment":[{"href":"https:\/\/lucibelleparis.com\/en\/wp-json\/wp\/v2\/media?parent=14083"}],"wp:term":[{"taxonomy":"product_brand","embeddable":true,"href":"https:\/\/lucibelleparis.com\/en\/wp-json\/wp\/v2\/product_brand?post=14083"},{"taxonomy":"product_cat","embeddable":true,"href":"https:\/\/lucibelleparis.com\/en\/wp-json\/wp\/v2\/product_cat?post=14083"},{"taxonomy":"product_tag","embeddable":true,"href":"https:\/\/lucibelleparis.com\/en\/wp-json\/wp\/v2\/product_tag?post=14083"}],"curies":[{"name":"wp","href":"https:\/\/api.w.org\/{rel}","templated":true}]}}