{"id":12570,"date":"2023-01-30T12:30:42","date_gmt":"2023-01-30T12:30:42","guid":{"rendered":"https:\/\/lucibelleparis.com\/produit\/gel-exfoliant-booster-declat\/"},"modified":"2024-10-28T10:14:15","modified_gmt":"2024-10-28T10:14:15","slug":"radiance-booster-exfoliating-gel","status":"publish","type":"product","link":"https:\/\/lucibelleparis.com\/en\/produit\/radiance-booster-exfoliating-gel\/","title":{"rendered":"Radiance Booster Exfoliating Gel"},"content":{"rendered":"<p>Radiance Booster Exfoliating Gel combines moisturising factors with the gentle exfoliating action of a fruit acid.<\/p>\n<p>Smoothed and moisturised, the skin renews itself and regains its radiance.<\/p>\n<p>This treatment activates cell renewal, and its results are optimised when used in synergy with light.<\/p>\n","protected":false},"excerpt":{"rendered":"<p>The Radiance Booster Gel combines moisturizing factors with the gentle exfoliating action of a fruit acid. Smoothed and hydrated, the skin is renewed and regains its radiance. This treatment activates cell renewal and its results are optimized if used in synergy with light.<\/p>\n","protected":false},"featured_media":9510,"template":"","meta":{"_acf_changed":false},"product_brand":[],"product_cat":[104,91],"product_tag":[],"class_list":{"0":"post-12570","1":"product","2":"type-product","3":"status-publish","4":"has-post-thumbnail","6":"product_cat-cosmetic","7":"product_cat-uncategorized-en","9":"first","10":"instock","11":"taxable","12":"shipping-taxable","13":"purchasable","14":"product-type-simple"},"bundled_by":[],"bundle_stock_status":"instock","bundle_stock_quantity":null,"bundle_virtual":false,"bundle_layout":"","bundle_add_to_cart_form_location":"","bundle_editable_in_cart":false,"bundle_sold_individually_context":"","bundle_item_grouping":"","bundle_min_size":"","bundle_max_size":"","bundle_price":[],"bundled_items":[],"bundle_sell_ids":[],"acf":{"titre_produit_desc":"","product-rating":"","product-rating_number":"","product-videos":[{"video-thumbnail":9568,"video-link":"https:\/\/youtu.be\/bUFU6MgZtkc","largeur_video":"","hauteur_video":""},{"video-thumbnail":9569,"video-link":"https:\/\/youtube.com\/shorts\/nEvChvOsMrs","largeur_video":"","hauteur_video":""}],"product-features":"Composition : aqua \/ water \/ eau \u2022 coco-betaine \u2022 jojoba esters \u2022 citrus medica limonum (lemon) fruit water \u2022 xanthan gum, polysorbate 20 \u2022 glycolic acid \u2022 propylene glycol \u2022 ammonium hydroxide\r\n\r\nComposition : aqua \/ water \/ eau \u2022 coco-betaine \u2022 jojoba esters \u2022 citrus medica limonum (lemon) fruit water \u2022 xanthan gum, polysorbate 20 \u2022 glycolic acid \u2022 propylene glycol \u2022 ammonium hydroxide\r\nActiver la compatibilit\u00e9 du lecteur d'\u00e9cran\r\nPour activer la compatibilit\u00e9 avec le lecteur d'\u00e9cran, appuyez sur Ctrl+Alt+Z Pour conna\u00eetre les raccourcis clavier, appuyez sur Ctrl+barre oblique","product-advices":"Normal routine: apply 3 times a week to slightly damp skin.\r\n\r\nLight routine: apply before the serum, 15 minutes before the session.","product-benefits":"- Clear, even complexion\r\n- Deeply cleansed skin\r\n- Better light penetration\r\n- Moisturises the skin\r\n- Economical price","testimonials":[{"testimonial-note":5,"testimonial":"As someone with sensitive skin, this treatment is perfect for me. I use it on OVE protocol days and see a real improvement in the quality of my skin!  ","testimonial-client":"Rach\u00e8le S."},{"testimonial-note":5,"testimonial":"Given to me by my wife, without much conviction at first, I have to admit that I'm won over after using it for a few weeks in addition to the OVE mini.","testimonial-client":"S\u00e9bastien L."}],"faq":[{"product-question":"Is this exfoliating gel suitable for all skin types, including sensitive skin?","product-answer":"Like all our creams and serums, the exfoliating gel is formulated to work on all skin, even the most sensitive, and for all skin tones. "},{"product-question":"Does this exfoliating gel contain grains or exfoliating particles?","product-answer":"Made with jojoba pearls, it gently exfoliates the skin while exploiting the properties of jojoba oil. The skin is softened, protected and regulated. "},{"product-question":"What are the ingredients in this exfoliating gel?","product-answer":"The main ingredients are glycolic acid, lemon extracts and jojoba pearls."}],"faq-image":9577,"testimonials-slider":"","resultats-avant":"","resultats-apres":"","resultats-avant-txt":"","resultats-apres-txt":"","clinical_results":null,"clinical_results_visage":null,"clinical_results_corps":null,"clinical_results_cheveux":null,"gredeco_label":"","titre_technologie":"","texte_technologie":"","image_technologie":"","affichage_mapping":false,"produit-map-surtitre":"","produit-map-titre":"","produit-map-descriptif":"","produit-map-backg-on":"","produit-map-backg-off":"","cure_type":"","description_supplementaire":"","produits_lies":"","activer_produits_lies":false,"product-discount":"","product-discount-stroke":"","prix_mis_en_avant":""},"aioseo_notices":[],"_links":{"self":[{"href":"https:\/\/lucibelleparis.com\/en\/wp-json\/wp\/v2\/product\/12570","targetHints":{"allow":["GET"]}}],"collection":[{"href":"https:\/\/lucibelleparis.com\/en\/wp-json\/wp\/v2\/product"}],"about":[{"href":"https:\/\/lucibelleparis.com\/en\/wp-json\/wp\/v2\/types\/product"}],"wp:featuredmedia":[{"embeddable":true,"href":"https:\/\/lucibelleparis.com\/en\/wp-json\/wp\/v2\/media\/9510"}],"wp:attachment":[{"href":"https:\/\/lucibelleparis.com\/en\/wp-json\/wp\/v2\/media?parent=12570"}],"wp:term":[{"taxonomy":"product_brand","embeddable":true,"href":"https:\/\/lucibelleparis.com\/en\/wp-json\/wp\/v2\/product_brand?post=12570"},{"taxonomy":"product_cat","embeddable":true,"href":"https:\/\/lucibelleparis.com\/en\/wp-json\/wp\/v2\/product_cat?post=12570"},{"taxonomy":"product_tag","embeddable":true,"href":"https:\/\/lucibelleparis.com\/en\/wp-json\/wp\/v2\/product_tag?post=12570"}],"curies":[{"name":"wp","href":"https:\/\/api.w.org\/{rel}","templated":true}]}}