{"id":5176,"date":"2022-12-12T13:01:30","date_gmt":"2022-12-12T12:01:30","guid":{"rendered":"https:\/\/lucibelleparis.com\/?page_id=5176"},"modified":"2024-11-25T18:03:18","modified_gmt":"2024-11-25T18:03:18","slug":"cart","status":"publish","type":"page","link":"https:\/\/lucibelleparis.com\/en\/cart\/","title":{"rendered":"Cart"},"content":{"rendered":"\t\t<div data-elementor-type=\"wp-page\" data-elementor-id=\"5176\" class=\"elementor elementor-5176 elementor-3105\" data-elementor-settings=\"{&quot;ha_cmc_init_switcher&quot;:&quot;no&quot;}\" data-elementor-post-type=\"page\">\n\t\t\t\t<div class=\"elementor-element elementor-element-fdcb27a e-flex e-con-boxed e-con e-parent\" data-id=\"fdcb27a\" data-element_type=\"container\" data-e-type=\"container\" data-settings=\"{&quot;background_background&quot;:&quot;classic&quot;}\">\n\t\t\t\t\t<div class=\"e-con-inner\">\n\t\t\t\t<div class=\"elementor-element elementor-element-48e7bbd elementor-widget elementor-widget-woocommerce-breadcrumb\" data-id=\"48e7bbd\" data-element_type=\"widget\" data-e-type=\"widget\" data-widget_type=\"woocommerce-breadcrumb.default\">\n\t\t\t\t\t<nav class=\"woocommerce-breadcrumb\" aria-label=\"Breadcrumb\">Home<\/nav>\t\t\t\t<\/div>\n\t\t\t\t\t<\/div>\n\t\t\t\t<\/div>\n\t\t<div class=\"elementor-element elementor-element-5a0f5de e-flex e-con-boxed e-con e-parent\" data-id=\"5a0f5de\" data-element_type=\"container\" data-e-type=\"container\" data-settings=\"{&quot;background_background&quot;:&quot;classic&quot;}\">\n\t\t\t\t\t<div class=\"e-con-inner\">\n\t\t<div class=\"elementor-element elementor-element-5350a83 e-con-full e-flex e-con e-child\" data-id=\"5350a83\" data-element_type=\"container\" data-e-type=\"container\">\n\t\t\t\t<div class=\"elementor-element elementor-element-10d1763 elementor-widget elementor-widget-image\" data-id=\"10d1763\" data-element_type=\"widget\" data-e-type=\"widget\" data-widget_type=\"image.default\">\n\t\t\t\t\t\t\t\t\t\t\t\t\t\t\t<img decoding=\"async\" src=\"https:\/\/lucibelleparis.com\/wp-content\/uploads\/2024\/11\/4x-sans-frais-1.svg\" class=\"attachment-full size-full wp-image-13705\" alt=\"\" \/>\t\t\t\t\t\t\t\t\t\t\t\t\t\t\t<\/div>\n\t\t\t\t<\/div>\n\t\t<div class=\"elementor-element elementor-element-44386c0 e-con-full e-flex e-con e-child\" data-id=\"44386c0\" data-element_type=\"container\" data-e-type=\"container\">\n\t\t\t\t<div class=\"elementor-element elementor-element-c9e5bf3 elementor-widget elementor-widget-text-editor\" data-id=\"c9e5bf3\" data-element_type=\"widget\" data-e-type=\"widget\" data-widget_type=\"text-editor.default\">\n\t\t\t\t\t\t\t\t\t<p>Payez en 4 fois sans frais avec votre carte bancaire. <br \/>Faites votre demande en ligne et recevez une r\u00e9ponse imm\u00e9diate, pour vos achats de 100 \u00e0 2500 \u20ac.<\/p>\n<p><strong> Choisissez l\u2019onglet 4xCB une fois sur l\u2019\u00e9cran de paiement Payline<\/strong><\/p>\t\t\t\t\t\t\t\t<\/div>\n\t\t\t\t<\/div>\n\t\t\t\t\t<\/div>\n\t\t\t\t<\/div>\n\t\t\t\t<\/div>\n\t\t","protected":false},"excerpt":{"rendered":"<p>Remove item Thumbnail image Product Price Quantity Subtotal &times; The OVE Mask &#8211; Pure White &#8211; Matt Finish 1490,00&euro; The OVE Mask &#8211; Pure White &#8211; Matt Finish&nbsp; quantity 2980,01&euro; (incl. VAT) &times; OVE Mini 490,00&euro; OVE Mini&nbsp; quantity 490,00&euro; (incl. VAT) Mettre \u00e0 jour le panier Appliquer le code promo Totaux du panier Subtotal [&hellip;]<\/p>\n","protected":false},"author":2,"featured_media":0,"parent":0,"menu_order":0,"comment_status":"closed","ping_status":"closed","template":"elementor_header_footer","meta":{"_acf_changed":false,"footnotes":""},"class_list":["post-5176","page","type-page","status-publish","hentry"],"acf":[],"aioseo_notices":[],"_links":{"self":[{"href":"https:\/\/lucibelleparis.com\/en\/wp-json\/wp\/v2\/pages\/5176","targetHints":{"allow":["GET"]}}],"collection":[{"href":"https:\/\/lucibelleparis.com\/en\/wp-json\/wp\/v2\/pages"}],"about":[{"href":"https:\/\/lucibelleparis.com\/en\/wp-json\/wp\/v2\/types\/page"}],"author":[{"embeddable":true,"href":"https:\/\/lucibelleparis.com\/en\/wp-json\/wp\/v2\/users\/2"}],"replies":[{"embeddable":true,"href":"https:\/\/lucibelleparis.com\/en\/wp-json\/wp\/v2\/comments?post=5176"}],"version-history":[{"count":7,"href":"https:\/\/lucibelleparis.com\/en\/wp-json\/wp\/v2\/pages\/5176\/revisions"}],"predecessor-version":[{"id":13775,"href":"https:\/\/lucibelleparis.com\/en\/wp-json\/wp\/v2\/pages\/5176\/revisions\/13775"}],"wp:attachment":[{"href":"https:\/\/lucibelleparis.com\/en\/wp-json\/wp\/v2\/media?parent=5176"}],"curies":[{"name":"wp","href":"https:\/\/api.w.org\/{rel}","templated":true}]}}